{"id":242,"date":"2020-11-03T14:46:40","date_gmt":"2020-11-03T19:46:40","guid":{"rendered":"https:\/\/carlosgranadosodontologia.com\/?page_id=242"},"modified":"2024-05-03T12:08:34","modified_gmt":"2024-05-03T17:08:34","slug":"servicio-especial-para-odontologos","status":"publish","type":"page","link":"https:\/\/carlosgranadosodontologia.com\/en\/servicio-especial-para-odontologos\/","title":{"rendered":"Special service for dentists"},"content":{"rendered":"\t\t<div data-elementor-type=\"wp-page\" data-elementor-id=\"242\" class=\"elementor elementor-242\" data-elementor-settings=\"{&quot;ha_cmc_init_switcher&quot;:&quot;no&quot;}\">\n\t\t\t\t\t\t<section class=\"elementor-section elementor-top-section elementor-element elementor-element-1d8ef7d5 elementor-section-boxed elementor-section-height-default elementor-section-height-default\" data-id=\"1d8ef7d5\" data-element_type=\"section\" data-e-type=\"section\" data-settings=\"{&quot;background_background&quot;:&quot;slideshow&quot;,&quot;background_slideshow_gallery&quot;:[{&quot;id&quot;:243,&quot;url&quot;:&quot;https:\\\/\\\/carlosgranadosodontologia.com\\\/wp-content\\\/uploads\\\/2020\\\/11\\\/Banner-Servicio-odontologos-20.jpg&quot;}],&quot;background_slideshow_loop&quot;:&quot;yes&quot;,&quot;background_slideshow_slide_duration&quot;:5000,&quot;background_slideshow_slide_transition&quot;:&quot;fade&quot;,&quot;background_slideshow_transition_duration&quot;:500,&quot;_ha_eqh_enable&quot;:false}\">\n\t\t\t\t\t\t<div class=\"elementor-container elementor-column-gap-default\">\n\t\t\t\t\t<div class=\"elementor-column elementor-col-100 elementor-top-column elementor-element elementor-element-76e381ca\" data-id=\"76e381ca\" data-element_type=\"column\" data-e-type=\"column\">\n\t\t\t<div class=\"elementor-widget-wrap elementor-element-populated\">\n\t\t\t\t\t\t<div class=\"elementor-element elementor-element-72f3edbf elementor-widget elementor-widget-heading\" data-id=\"72f3edbf\" data-element_type=\"widget\" data-e-type=\"widget\" data-widget_type=\"heading.default\">\n\t\t\t\t<div class=\"elementor-widget-container\">\n\t\t\t\t\t<h1 class=\"elementor-heading-title elementor-size-default\">SERVICIO ESPECIAL<br>\nPara odont\u00f3logos<\/h1>\t\t\t\t<\/div>\n\t\t\t\t<\/div>\n\t\t\t\t\t<\/div>\n\t\t<\/div>\n\t\t\t\t\t<\/div>\n\t\t<\/section>\n\t\t\t\t<section class=\"elementor-section elementor-top-section elementor-element elementor-element-1040a547 elementor-section-content-middle elementor-section-boxed elementor-section-height-default elementor-section-height-default\" data-id=\"1040a547\" data-element_type=\"section\" data-e-type=\"section\" data-settings=\"{&quot;_ha_eqh_enable&quot;:false}\">\n\t\t\t\t\t\t<div class=\"elementor-container elementor-column-gap-wide\">\n\t\t\t\t\t<div class=\"elementor-column elementor-col-66 elementor-top-column elementor-element elementor-element-1b310f29\" data-id=\"1b310f29\" data-element_type=\"column\" data-e-type=\"column\">\n\t\t\t<div class=\"elementor-widget-wrap elementor-element-populated\">\n\t\t\t\t\t\t<div class=\"elementor-element elementor-element-1be0a1b9 elementor-widget elementor-widget-text-editor\" data-id=\"1be0a1b9\" data-element_type=\"widget\" data-e-type=\"widget\" data-widget_type=\"text-editor.default\">\n\t\t\t\t<div class=\"elementor-widget-container\">\n\t\t\t\t\t\t\t\t\t<p>La Organizaci\u00f3n Carlos Granados Dental Design SAS, ha sido creada con el fin de prestar un servicio especial al odont\u00f3logo que est\u00e1 interesado en brindar a su paciente procedimientos a la altura de las mejores pr\u00e1cticas del mundo.<\/p><p>Encontrar\u00e1 instalaciones con el confort, materiales, tecnolog\u00eda de punta y lo m\u00e1s importante con toda la asesor\u00eda t\u00e9cnica que usted y su paciente merecen, acompa\u00f1amiento desde el momento en el cual usted entra a la cl\u00ednica, usted no requiere trasladar ning\u00fan equipo ni material, todo lo encuentra aqu\u00ed.<\/p>\t\t\t\t\t\t\t\t<\/div>\n\t\t\t\t<\/div>\n\t\t\t\t<section class=\"elementor-section elementor-inner-section elementor-element elementor-element-9f4d4f6 elementor-section-boxed elementor-section-height-default elementor-section-height-default\" data-id=\"9f4d4f6\" data-element_type=\"section\" data-e-type=\"section\" data-settings=\"{&quot;_ha_eqh_enable&quot;:false}\">\n\t\t\t\t\t\t<div class=\"elementor-container elementor-column-gap-default\">\n\t\t\t\t\t<div class=\"elementor-column elementor-col-50 elementor-inner-column elementor-element elementor-element-9c710e8\" data-id=\"9c710e8\" data-element_type=\"column\" data-e-type=\"column\">\n\t\t\t<div class=\"elementor-widget-wrap elementor-element-populated\">\n\t\t\t\t\t\t<div class=\"elementor-element elementor-element-ff01b43 elementor-widget elementor-widget-text-editor\" data-id=\"ff01b43\" data-element_type=\"widget\" data-e-type=\"widget\" data-widget_type=\"text-editor.default\">\n\t\t\t\t<div class=\"elementor-widget-container\">\n\t\t\t\t\t\t\t\t\t<p>Realizamos restauraciones dentales libres de metal, las cuales pueden ser cementadas dos horas despu\u00e9s de ser tomada la impresi\u00f3n digital al paciente. As\u00ed mismo como Instituci\u00f3n Prestadora de Servicios de Salud (IPS), estamos habilitados para realizar procedimientos de: Endodoncia, Periodoncia, Ortodoncia, Odontolog\u00eda General y Rehabilitaci\u00f3n Oral, los cuales ponemos a su disposici\u00f3n.<\/p>\t\t\t\t\t\t\t\t<\/div>\n\t\t\t\t<\/div>\n\t\t\t\t\t<\/div>\n\t\t<\/div>\n\t\t\t\t<div class=\"elementor-column elementor-col-50 elementor-inner-column elementor-element elementor-element-78e448f\" data-id=\"78e448f\" data-element_type=\"column\" data-e-type=\"column\">\n\t\t\t<div class=\"elementor-widget-wrap elementor-element-populated\">\n\t\t\t\t\t\t<div class=\"elementor-element elementor-element-af6f825 elementor-widget elementor-widget-text-editor\" data-id=\"af6f825\" data-element_type=\"widget\" data-e-type=\"widget\" data-widget_type=\"text-editor.default\">\n\t\t\t\t<div class=\"elementor-widget-container\">\n\t\t\t\t\t\t\t\t\t<p>Ubicados en el mejor sector del norte de Bogot\u00e1, en el edificio Kaiwa Usaquen y toda la seguridad a su alcance, con hoteles 5 estrellas, restaurantes gourmet, \u00e1reas de diversi\u00f3n, tiendas y dem\u00e1s atracciones rodeado de sitios tur\u00edsticos como la famosa zona Usaqu\u00e9n que podr\u00e1 disfrutar el paciente mientras realizamos su trabajo.<\/p>\t\t\t\t\t\t\t\t<\/div>\n\t\t\t\t<\/div>\n\t\t\t\t\t<\/div>\n\t\t<\/div>\n\t\t\t\t\t<\/div>\n\t\t<\/section>\n\t\t\t\t<section class=\"elementor-section elementor-inner-section elementor-element elementor-element-b7664dc elementor-section-boxed elementor-section-height-default elementor-section-height-default\" data-id=\"b7664dc\" data-element_type=\"section\" data-e-type=\"section\" data-settings=\"{&quot;_ha_eqh_enable&quot;:false}\">\n\t\t\t\t\t\t<div class=\"elementor-container elementor-column-gap-default\">\n\t\t\t\t\t<div class=\"elementor-column elementor-col-100 elementor-inner-column elementor-element elementor-element-ac51c96\" data-id=\"ac51c96\" data-element_type=\"column\" data-e-type=\"column\">\n\t\t\t<div class=\"elementor-widget-wrap elementor-element-populated\">\n\t\t\t\t\t\t<div class=\"elementor-element elementor-element-084355b elementor-widget elementor-widget-text-editor\" data-id=\"084355b\" data-element_type=\"widget\" data-e-type=\"widget\" data-widget_type=\"text-editor.default\">\n\t\t\t\t<div class=\"elementor-widget-container\">\n\t\t\t\t\t\t\t\t\t<h3><strong>\u00a1Las pr\u00e1cticas modernas requieren trabajo en equipo!<\/strong><\/h3><p>Lo invitamos a trabajar de esta manera.<\/p>\t\t\t\t\t\t\t\t<\/div>\n\t\t\t\t<\/div>\n\t\t\t\t\t<\/div>\n\t\t<\/div>\n\t\t\t\t\t<\/div>\n\t\t<\/section>\n\t\t\t\t\t<\/div>\n\t\t<\/div>\n\t\t\t\t<div class=\"elementor-column elementor-col-33 elementor-top-column elementor-element elementor-element-fc5dcc5\" data-id=\"fc5dcc5\" data-element_type=\"column\" data-e-type=\"column\" data-settings=\"{&quot;background_background&quot;:&quot;classic&quot;}\">\n\t\t\t<div class=\"elementor-widget-wrap elementor-element-populated\">\n\t\t\t\t\t\t<div class=\"elementor-element elementor-element-c410db3 elementor-widget elementor-widget-html\" data-id=\"c410db3\" data-element_type=\"widget\" data-e-type=\"widget\" data-widget_type=\"html.default\">\n\t\t\t\t<div class=\"elementor-widget-container\">\n\t\t\t\t\t<script type=\"text\/javascript\" src=\"https:\/\/api.clientify.net\/web-marketing\/superforms\/script\/184639.js\"><\/script>\t\t\t\t<\/div>\n\t\t\t\t<\/div>\n\t\t\t\t\t<\/div>\n\t\t<\/div>\n\t\t\t\t\t<\/div>\n\t\t<\/section>\n\t\t\t\t<section class=\"elementor-section elementor-top-section elementor-element elementor-element-05b5057 elementor-section-boxed elementor-section-height-default elementor-section-height-default\" data-id=\"05b5057\" data-element_type=\"section\" data-e-type=\"section\" data-settings=\"{&quot;_ha_eqh_enable&quot;:false}\">\n\t\t\t\t\t\t<div class=\"elementor-container elementor-column-gap-default\">\n\t\t\t\t\t<div class=\"elementor-column elementor-col-100 elementor-top-column elementor-element elementor-element-916f0d1\" data-id=\"916f0d1\" data-element_type=\"column\" data-e-type=\"column\">\n\t\t\t<div class=\"elementor-widget-wrap elementor-element-populated\">\n\t\t\t\t\t\t<div class=\"elementor-element elementor-element-e823daf elementor-arrows-position-outside elementor-hidden-desktop elementor-hidden-tablet elementor-hidden-mobile elementor-widget elementor-widget-image-carousel\" data-id=\"e823daf\" data-element_type=\"widget\" data-e-type=\"widget\" data-settings=\"{&quot;slides_to_show&quot;:&quot;4&quot;,&quot;slides_to_scroll&quot;:&quot;1&quot;,&quot;navigation&quot;:&quot;arrows&quot;,&quot;slides_to_show_mobile&quot;:&quot;1&quot;,&quot;autoplay&quot;:&quot;yes&quot;,&quot;pause_on_hover&quot;:&quot;yes&quot;,&quot;pause_on_interaction&quot;:&quot;yes&quot;,&quot;autoplay_speed&quot;:5000,&quot;infinite&quot;:&quot;yes&quot;,&quot;speed&quot;:500,&quot;image_spacing_custom&quot;:{&quot;unit&quot;:&quot;px&quot;,&quot;size&quot;:20,&quot;sizes&quot;:[]},&quot;image_spacing_custom_tablet&quot;:{&quot;unit&quot;:&quot;px&quot;,&quot;size&quot;:&quot;&quot;,&quot;sizes&quot;:[]}}\" data-widget_type=\"image-carousel.default\">\n\t\t\t\t<div class=\"elementor-widget-container\">\n\t\t\t\t\t\t\t<div class=\"elementor-image-carousel-wrapper swiper\" role=\"region\" aria-roledescription=\"carousel\" aria-label=\"Image Carousel\" dir=\"ltr\">\n\t\t\t<div class=\"elementor-image-carousel swiper-wrapper\" aria-live=\"off\">\n\t\t\t\t\t\t\t\t<div class=\"swiper-slide\" role=\"group\" aria-roledescription=\"slide\" aria-label=\"1 of 9\"><a data-elementor-open-lightbox=\"yes\" data-elementor-lightbox-slideshow=\"e823daf\" data-elementor-lightbox-title=\"instalaciones 1\" data-e-action-hash=\"#elementor-action%3Aaction%3Dlightbox%26settings%3DeyJpZCI6MjQ5LCJ1cmwiOiJodHRwczpcL1wvY2FybG9zZ3JhbmFkb3NvZG9udG9sb2dpYS5jb21cL3dwLWNvbnRlbnRcL3VwbG9hZHNcLzIwMjBcLzExXC9pbnN0YWxhY2lvbmVzLTEuanBnIiwic2xpZGVzaG93IjoiZTgyM2RhZiJ9\" href=\"https:\/\/carlosgranadosodontologia.com\/wp-content\/uploads\/2020\/11\/instalaciones-1.jpg\"><figure class=\"swiper-slide-inner\"><img decoding=\"async\" class=\"swiper-slide-image\" src=\"https:\/\/carlosgranadosodontologia.com\/wp-content\/uploads\/2020\/11\/instalaciones-1-300x188.jpg\" alt=\"instalaciones 1\" title=\"\"><\/figure><\/a><\/div><div class=\"swiper-slide\" role=\"group\" aria-roledescription=\"slide\" aria-label=\"2 of 9\"><a data-elementor-open-lightbox=\"yes\" data-elementor-lightbox-slideshow=\"e823daf\" data-elementor-lightbox-title=\"instalaciones 2\" data-e-action-hash=\"#elementor-action%3Aaction%3Dlightbox%26settings%3DeyJpZCI6MjUwLCJ1cmwiOiJodHRwczpcL1wvY2FybG9zZ3JhbmFkb3NvZG9udG9sb2dpYS5jb21cL3dwLWNvbnRlbnRcL3VwbG9hZHNcLzIwMjBcLzExXC9pbnN0YWxhY2lvbmVzLTIuanBnIiwic2xpZGVzaG93IjoiZTgyM2RhZiJ9\" href=\"https:\/\/carlosgranadosodontologia.com\/wp-content\/uploads\/2020\/11\/instalaciones-2.jpg\"><figure class=\"swiper-slide-inner\"><img decoding=\"async\" class=\"swiper-slide-image\" src=\"https:\/\/carlosgranadosodontologia.com\/wp-content\/uploads\/2020\/11\/instalaciones-2-300x188.jpg\" alt=\"instalaciones 2\" title=\"\"><\/figure><\/a><\/div><div class=\"swiper-slide\" role=\"group\" aria-roledescription=\"slide\" aria-label=\"3 of 9\"><a data-elementor-open-lightbox=\"yes\" data-elementor-lightbox-slideshow=\"e823daf\" data-elementor-lightbox-title=\"instalaciones 3\" data-e-action-hash=\"#elementor-action%3Aaction%3Dlightbox%26settings%3DeyJpZCI6MjUxLCJ1cmwiOiJodHRwczpcL1wvY2FybG9zZ3JhbmFkb3NvZG9udG9sb2dpYS5jb21cL3dwLWNvbnRlbnRcL3VwbG9hZHNcLzIwMjBcLzExXC9pbnN0YWxhY2lvbmVzLTMuanBnIiwic2xpZGVzaG93IjoiZTgyM2RhZiJ9\" href=\"https:\/\/carlosgranadosodontologia.com\/wp-content\/uploads\/2020\/11\/instalaciones-3.jpg\"><figure class=\"swiper-slide-inner\"><img decoding=\"async\" class=\"swiper-slide-image\" src=\"https:\/\/carlosgranadosodontologia.com\/wp-content\/uploads\/2020\/11\/instalaciones-3-300x188.jpg\" alt=\"instalaciones 3\" title=\"\"><\/figure><\/a><\/div><div class=\"swiper-slide\" role=\"group\" aria-roledescription=\"slide\" aria-label=\"4 of 9\"><a data-elementor-open-lightbox=\"yes\" data-elementor-lightbox-slideshow=\"e823daf\" data-elementor-lightbox-title=\"instalaciones 4\" data-e-action-hash=\"#elementor-action%3Aaction%3Dlightbox%26settings%3DeyJpZCI6MjUyLCJ1cmwiOiJodHRwczpcL1wvY2FybG9zZ3JhbmFkb3NvZG9udG9sb2dpYS5jb21cL3dwLWNvbnRlbnRcL3VwbG9hZHNcLzIwMjBcLzExXC9pbnN0YWxhY2lvbmVzLTQuanBnIiwic2xpZGVzaG93IjoiZTgyM2RhZiJ9\" href=\"https:\/\/carlosgranadosodontologia.com\/wp-content\/uploads\/2020\/11\/instalaciones-4.jpg\"><figure class=\"swiper-slide-inner\"><img decoding=\"async\" class=\"swiper-slide-image\" src=\"https:\/\/carlosgranadosodontologia.com\/wp-content\/uploads\/2020\/11\/instalaciones-4-300x188.jpg\" alt=\"instalaciones 4\" title=\"\"><\/figure><\/a><\/div><div class=\"swiper-slide\" role=\"group\" aria-roledescription=\"slide\" aria-label=\"5 of 9\"><a data-elementor-open-lightbox=\"yes\" data-elementor-lightbox-slideshow=\"e823daf\" data-elementor-lightbox-title=\"instalaciones 5\" data-e-action-hash=\"#elementor-action%3Aaction%3Dlightbox%26settings%3DeyJpZCI6MjUzLCJ1cmwiOiJodHRwczpcL1wvY2FybG9zZ3JhbmFkb3NvZG9udG9sb2dpYS5jb21cL3dwLWNvbnRlbnRcL3VwbG9hZHNcLzIwMjBcLzExXC9pbnN0YWxhY2lvbmVzLTUuanBnIiwic2xpZGVzaG93IjoiZTgyM2RhZiJ9\" href=\"https:\/\/carlosgranadosodontologia.com\/wp-content\/uploads\/2020\/11\/instalaciones-5.jpg\"><figure class=\"swiper-slide-inner\"><img decoding=\"async\" class=\"swiper-slide-image\" src=\"https:\/\/carlosgranadosodontologia.com\/wp-content\/uploads\/2020\/11\/instalaciones-5-300x188.jpg\" alt=\"instalaciones 5\" title=\"\"><\/figure><\/a><\/div><div class=\"swiper-slide\" role=\"group\" aria-roledescription=\"slide\" aria-label=\"6 of 9\"><a data-elementor-open-lightbox=\"yes\" data-elementor-lightbox-slideshow=\"e823daf\" data-elementor-lightbox-title=\"instalaciones 6\" data-e-action-hash=\"#elementor-action%3Aaction%3Dlightbox%26settings%3DeyJpZCI6MjU0LCJ1cmwiOiJodHRwczpcL1wvY2FybG9zZ3JhbmFkb3NvZG9udG9sb2dpYS5jb21cL3dwLWNvbnRlbnRcL3VwbG9hZHNcLzIwMjBcLzExXC9pbnN0YWxhY2lvbmVzLTYuanBnIiwic2xpZGVzaG93IjoiZTgyM2RhZiJ9\" href=\"https:\/\/carlosgranadosodontologia.com\/wp-content\/uploads\/2020\/11\/instalaciones-6.jpg\"><figure class=\"swiper-slide-inner\"><img decoding=\"async\" class=\"swiper-slide-image\" src=\"https:\/\/carlosgranadosodontologia.com\/wp-content\/uploads\/2020\/11\/instalaciones-6-300x188.jpg\" alt=\"instalaciones 6\" title=\"\"><\/figure><\/a><\/div><div class=\"swiper-slide\" role=\"group\" aria-roledescription=\"slide\" aria-label=\"7 of 9\"><a data-elementor-open-lightbox=\"yes\" data-elementor-lightbox-slideshow=\"e823daf\" data-elementor-lightbox-title=\"instalaciones 7\" data-e-action-hash=\"#elementor-action%3Aaction%3Dlightbox%26settings%3DeyJpZCI6MjU1LCJ1cmwiOiJodHRwczpcL1wvY2FybG9zZ3JhbmFkb3NvZG9udG9sb2dpYS5jb21cL3dwLWNvbnRlbnRcL3VwbG9hZHNcLzIwMjBcLzExXC9pbnN0YWxhY2lvbmVzLTcuanBnIiwic2xpZGVzaG93IjoiZTgyM2RhZiJ9\" href=\"https:\/\/carlosgranadosodontologia.com\/wp-content\/uploads\/2020\/11\/instalaciones-7.jpg\"><figure class=\"swiper-slide-inner\"><img decoding=\"async\" class=\"swiper-slide-image\" src=\"https:\/\/carlosgranadosodontologia.com\/wp-content\/uploads\/2020\/11\/instalaciones-7-300x188.jpg\" alt=\"instalaciones 7\" title=\"\"><\/figure><\/a><\/div><div class=\"swiper-slide\" role=\"group\" aria-roledescription=\"slide\" aria-label=\"8 of 9\"><a data-elementor-open-lightbox=\"yes\" data-elementor-lightbox-slideshow=\"e823daf\" data-elementor-lightbox-title=\"instalaciones 8\" data-e-action-hash=\"#elementor-action%3Aaction%3Dlightbox%26settings%3DeyJpZCI6MjU2LCJ1cmwiOiJodHRwczpcL1wvY2FybG9zZ3JhbmFkb3NvZG9udG9sb2dpYS5jb21cL3dwLWNvbnRlbnRcL3VwbG9hZHNcLzIwMjBcLzExXC9pbnN0YWxhY2lvbmVzLTguanBnIiwic2xpZGVzaG93IjoiZTgyM2RhZiJ9\" href=\"https:\/\/carlosgranadosodontologia.com\/wp-content\/uploads\/2020\/11\/instalaciones-8.jpg\"><figure class=\"swiper-slide-inner\"><img decoding=\"async\" class=\"swiper-slide-image\" src=\"https:\/\/carlosgranadosodontologia.com\/wp-content\/uploads\/2020\/11\/instalaciones-8-300x188.jpg\" alt=\"instalaciones 8\" title=\"\"><\/figure><\/a><\/div><div class=\"swiper-slide\" role=\"group\" aria-roledescription=\"slide\" aria-label=\"9 of 9\"><a data-elementor-open-lightbox=\"yes\" data-elementor-lightbox-slideshow=\"e823daf\" data-elementor-lightbox-title=\"instalaciones 9\" data-e-action-hash=\"#elementor-action%3Aaction%3Dlightbox%26settings%3DeyJpZCI6MjU3LCJ1cmwiOiJodHRwczpcL1wvY2FybG9zZ3JhbmFkb3NvZG9udG9sb2dpYS5jb21cL3dwLWNvbnRlbnRcL3VwbG9hZHNcLzIwMjBcLzExXC9pbnN0YWxhY2lvbmVzLTkuanBnIiwic2xpZGVzaG93IjoiZTgyM2RhZiJ9\" href=\"https:\/\/carlosgranadosodontologia.com\/wp-content\/uploads\/2020\/11\/instalaciones-9.jpg\"><figure class=\"swiper-slide-inner\"><img decoding=\"async\" class=\"swiper-slide-image\" src=\"https:\/\/carlosgranadosodontologia.com\/wp-content\/uploads\/2020\/11\/instalaciones-9-300x188.jpg\" alt=\"instalaciones 9\" title=\"\"><\/figure><\/a><\/div>\t\t\t<\/div>\n\t\t\t\t\t\t\t\t\t\t\t\t<div class=\"elementor-swiper-button elementor-swiper-button-prev\" role=\"button\" tabindex=\"0\">\n\t\t\t\t\t\t<i aria-hidden=\"true\" class=\"eicon-chevron-left\"><\/i>\t\t\t\t\t<\/div>\n\t\t\t\t\t<div class=\"elementor-swiper-button elementor-swiper-button-next\" role=\"button\" tabindex=\"0\">\n\t\t\t\t\t\t<i aria-hidden=\"true\" class=\"eicon-chevron-right\"><\/i>\t\t\t\t\t<\/div>\n\t\t\t\t\n\t\t\t\t\t\t\t\t\t<\/div>\n\t\t\t\t\t\t<\/div>\n\t\t\t\t<\/div>\n\t\t\t\t<div class=\"elementor-element elementor-element-e212d3a elementor-arrows-position-outside elementor-widget elementor-widget-image-carousel\" data-id=\"e212d3a\" data-element_type=\"widget\" data-e-type=\"widget\" data-settings=\"{&quot;slides_to_show&quot;:&quot;4&quot;,&quot;slides_to_scroll&quot;:&quot;1&quot;,&quot;navigation&quot;:&quot;arrows&quot;,&quot;slides_to_show_mobile&quot;:&quot;1&quot;,&quot;autoplay&quot;:&quot;yes&quot;,&quot;pause_on_hover&quot;:&quot;yes&quot;,&quot;pause_on_interaction&quot;:&quot;yes&quot;,&quot;autoplay_speed&quot;:5000,&quot;infinite&quot;:&quot;yes&quot;,&quot;speed&quot;:500,&quot;image_spacing_custom&quot;:{&quot;unit&quot;:&quot;px&quot;,&quot;size&quot;:20,&quot;sizes&quot;:[]},&quot;image_spacing_custom_tablet&quot;:{&quot;unit&quot;:&quot;px&quot;,&quot;size&quot;:&quot;&quot;,&quot;sizes&quot;:[]}}\" data-widget_type=\"image-carousel.default\">\n\t\t\t\t<div class=\"elementor-widget-container\">\n\t\t\t\t\t\t\t<div class=\"elementor-image-carousel-wrapper swiper\" role=\"region\" aria-roledescription=\"carousel\" aria-label=\"Image Carousel\" dir=\"ltr\">\n\t\t\t<div class=\"elementor-image-carousel swiper-wrapper\" aria-live=\"off\">\n\t\t\t\t\t\t\t\t<div class=\"swiper-slide\" role=\"group\" aria-roledescription=\"slide\" aria-label=\"1 of 5\"><a data-elementor-open-lightbox=\"yes\" data-elementor-lightbox-slideshow=\"e212d3a\" data-elementor-lightbox-title=\"13\" data-e-action-hash=\"#elementor-action%3Aaction%3Dlightbox%26settings%3DeyJpZCI6NDg0NywidXJsIjoiaHR0cHM6XC9cL2Nhcmxvc2dyYW5hZG9zb2RvbnRvbG9naWEuY29tXC93cC1jb250ZW50XC91cGxvYWRzXC8yMDIzXC8wNFwvMTMtc2NhbGVkLmpwZyIsInNsaWRlc2hvdyI6ImUyMTJkM2EifQ%3D%3D\" href=\"https:\/\/carlosgranadosodontologia.com\/wp-content\/uploads\/2023\/04\/13-scaled.jpg\"><figure class=\"swiper-slide-inner\"><img decoding=\"async\" class=\"swiper-slide-image\" src=\"https:\/\/carlosgranadosodontologia.com\/wp-content\/uploads\/2023\/04\/13-225x300.jpg\" alt=\"13\" title=\"\"><\/figure><\/a><\/div><div class=\"swiper-slide\" role=\"group\" aria-roledescription=\"slide\" aria-label=\"2 of 5\"><a data-elementor-open-lightbox=\"yes\" data-elementor-lightbox-slideshow=\"e212d3a\" data-elementor-lightbox-title=\"8\" data-e-action-hash=\"#elementor-action%3Aaction%3Dlightbox%26settings%3DeyJpZCI6NDg0OCwidXJsIjoiaHR0cHM6XC9cL2Nhcmxvc2dyYW5hZG9zb2RvbnRvbG9naWEuY29tXC93cC1jb250ZW50XC91cGxvYWRzXC8yMDIzXC8wNFwvOC1zY2FsZWQuanBnIiwic2xpZGVzaG93IjoiZTIxMmQzYSJ9\" href=\"https:\/\/carlosgranadosodontologia.com\/wp-content\/uploads\/2023\/04\/8-scaled.jpg\"><figure class=\"swiper-slide-inner\"><img decoding=\"async\" class=\"swiper-slide-image\" src=\"https:\/\/carlosgranadosodontologia.com\/wp-content\/uploads\/2023\/04\/8-225x300.jpg\" alt=\"8\" title=\"\"><\/figure><\/a><\/div><div class=\"swiper-slide\" role=\"group\" aria-roledescription=\"slide\" aria-label=\"3 of 5\"><a data-elementor-open-lightbox=\"yes\" data-elementor-lightbox-slideshow=\"e212d3a\" data-elementor-lightbox-title=\"10\" data-e-action-hash=\"#elementor-action%3Aaction%3Dlightbox%26settings%3DeyJpZCI6NDg0OSwidXJsIjoiaHR0cHM6XC9cL2Nhcmxvc2dyYW5hZG9zb2RvbnRvbG9naWEuY29tXC93cC1jb250ZW50XC91cGxvYWRzXC8yMDIzXC8wNFwvMTAtc2NhbGVkLmpwZyIsInNsaWRlc2hvdyI6ImUyMTJkM2EifQ%3D%3D\" href=\"https:\/\/carlosgranadosodontologia.com\/wp-content\/uploads\/2023\/04\/10-scaled.jpg\"><figure class=\"swiper-slide-inner\"><img decoding=\"async\" class=\"swiper-slide-image\" src=\"https:\/\/carlosgranadosodontologia.com\/wp-content\/uploads\/2023\/04\/10-225x300.jpg\" alt=\"10\" title=\"\"><\/figure><\/a><\/div><div class=\"swiper-slide\" role=\"group\" aria-roledescription=\"slide\" aria-label=\"4 of 5\"><a data-elementor-open-lightbox=\"yes\" data-elementor-lightbox-slideshow=\"e212d3a\" data-elementor-lightbox-title=\"28 (1)\" data-e-action-hash=\"#elementor-action%3Aaction%3Dlightbox%26settings%3DeyJpZCI6NDg1MCwidXJsIjoiaHR0cHM6XC9cL2Nhcmxvc2dyYW5hZG9zb2RvbnRvbG9naWEuY29tXC93cC1jb250ZW50XC91cGxvYWRzXC8yMDIzXC8wNFwvMjgtMS1zY2FsZWQuanBnIiwic2xpZGVzaG93IjoiZTIxMmQzYSJ9\" href=\"https:\/\/carlosgranadosodontologia.com\/wp-content\/uploads\/2023\/04\/28-1-scaled.jpg\"><figure class=\"swiper-slide-inner\"><img decoding=\"async\" class=\"swiper-slide-image\" src=\"https:\/\/carlosgranadosodontologia.com\/wp-content\/uploads\/2023\/04\/28-1-300x225.jpg\" alt=\"28 (1)\" title=\"\"><\/figure><\/a><\/div><div class=\"swiper-slide\" role=\"group\" aria-roledescription=\"slide\" aria-label=\"5 of 5\"><a data-elementor-open-lightbox=\"yes\" data-elementor-lightbox-slideshow=\"e212d3a\" data-elementor-lightbox-title=\"14\" data-e-action-hash=\"#elementor-action%3Aaction%3Dlightbox%26settings%3DeyJpZCI6NDg1MSwidXJsIjoiaHR0cHM6XC9cL2Nhcmxvc2dyYW5hZG9zb2RvbnRvbG9naWEuY29tXC93cC1jb250ZW50XC91cGxvYWRzXC8yMDIzXC8wNFwvMTQtc2NhbGVkLmpwZyIsInNsaWRlc2hvdyI6ImUyMTJkM2EifQ%3D%3D\" href=\"https:\/\/carlosgranadosodontologia.com\/wp-content\/uploads\/2023\/04\/14-scaled.jpg\"><figure class=\"swiper-slide-inner\"><img decoding=\"async\" class=\"swiper-slide-image\" src=\"https:\/\/carlosgranadosodontologia.com\/wp-content\/uploads\/2023\/04\/14-225x300.jpg\" alt=\"14\" title=\"\"><\/figure><\/a><\/div>\t\t\t<\/div>\n\t\t\t\t\t\t\t\t\t\t\t\t<div class=\"elementor-swiper-button elementor-swiper-button-prev\" role=\"button\" tabindex=\"0\">\n\t\t\t\t\t\t<i aria-hidden=\"true\" class=\"eicon-chevron-left\"><\/i>\t\t\t\t\t<\/div>\n\t\t\t\t\t<div class=\"elementor-swiper-button elementor-swiper-button-next\" role=\"button\" tabindex=\"0\">\n\t\t\t\t\t\t<i aria-hidden=\"true\" class=\"eicon-chevron-right\"><\/i>\t\t\t\t\t<\/div>\n\t\t\t\t\n\t\t\t\t\t\t\t\t\t<\/div>\n\t\t\t\t\t\t<\/div>\n\t\t\t\t<\/div>\n\t\t\t\t\t<\/div>\n\t\t<\/div>\n\t\t\t\t\t<\/div>\n\t\t<\/section>\n\t\t\t\t<section class=\"elementor-section elementor-top-section elementor-element elementor-element-f900435 elementor-section-boxed elementor-section-height-default elementor-section-height-default\" data-id=\"f900435\" data-element_type=\"section\" data-e-type=\"section\" data-settings=\"{&quot;_ha_eqh_enable&quot;:false}\">\n\t\t\t\t\t\t<div class=\"elementor-container elementor-column-gap-default\">\n\t\t\t\t\t<div class=\"elementor-column elementor-col-100 elementor-top-column elementor-element elementor-element-329e10a\" data-id=\"329e10a\" data-element_type=\"column\" data-e-type=\"column\">\n\t\t\t<div class=\"elementor-widget-wrap elementor-element-populated\">\n\t\t\t\t\t\t<div class=\"elementor-element elementor-element-48a82e5 elementor-widget elementor-widget-video\" data-id=\"48a82e5\" data-element_type=\"widget\" data-e-type=\"widget\" data-settings=\"{&quot;youtube_url&quot;:&quot;https:\\\/\\\/www.youtube.com\\\/watch?v=gpARL8OFGbI&quot;,&quot;video_type&quot;:&quot;youtube&quot;,&quot;controls&quot;:&quot;yes&quot;}\" data-widget_type=\"video.default\">\n\t\t\t\t<div class=\"elementor-widget-container\">\n\t\t\t\t\t\t\t<div class=\"elementor-wrapper elementor-open-inline\">\n\t\t\t<div class=\"elementor-video\"><\/div>\t\t<\/div>\n\t\t\t\t\t\t<\/div>\n\t\t\t\t<\/div>\n\t\t\t\t\t<\/div>\n\t\t<\/div>\n\t\t\t\t\t<\/div>\n\t\t<\/section>\n\t\t\t\t<\/div>\n\t\t","protected":false},"excerpt":{"rendered":"<p>SERVICIO ESPECIAL Para odont\u00f3logos La Organizaci\u00f3n Carlos Granados Dental Design SAS, ha sido creada con el fin de prestar un servicio especial al odont\u00f3logo que est\u00e1 interesado en brindar a su paciente procedimientos a la altura de las mejores pr\u00e1cticas del mundo. Encontrar\u00e1 instalaciones con el confort, materiales, tecnolog\u00eda de punta y lo m\u00e1s importante [&hellip;]<\/p>\n","protected":false},"author":2,"featured_media":0,"parent":0,"menu_order":0,"comment_status":"closed","ping_status":"closed","template":"","meta":{"footnotes":""},"class_list":["post-242","page","type-page","status-publish","hentry"],"_links":{"self":[{"href":"https:\/\/carlosgranadosodontologia.com\/en\/wp-json\/wp\/v2\/pages\/242","targetHints":{"allow":["GET"]}}],"collection":[{"href":"https:\/\/carlosgranadosodontologia.com\/en\/wp-json\/wp\/v2\/pages"}],"about":[{"href":"https:\/\/carlosgranadosodontologia.com\/en\/wp-json\/wp\/v2\/types\/page"}],"author":[{"embeddable":true,"href":"https:\/\/carlosgranadosodontologia.com\/en\/wp-json\/wp\/v2\/users\/2"}],"replies":[{"embeddable":true,"href":"https:\/\/carlosgranadosodontologia.com\/en\/wp-json\/wp\/v2\/comments?post=242"}],"version-history":[{"count":91,"href":"https:\/\/carlosgranadosodontologia.com\/en\/wp-json\/wp\/v2\/pages\/242\/revisions"}],"predecessor-version":[{"id":6995,"href":"https:\/\/carlosgranadosodontologia.com\/en\/wp-json\/wp\/v2\/pages\/242\/revisions\/6995"}],"wp:attachment":[{"href":"https:\/\/carlosgranadosodontologia.com\/en\/wp-json\/wp\/v2\/media?parent=242"}],"curies":[{"name":"wp","href":"https:\/\/api.w.org\/{rel}","templated":true}]}}