{"id":1734,"date":"2021-07-29T19:15:59","date_gmt":"2021-07-30T00:15:59","guid":{"rendered":"https:\/\/carlosgranadosodontologia.com\/?page_id=1734"},"modified":"2024-05-03T11:56:52","modified_gmt":"2024-05-03T16:56:52","slug":"rehabilitacion-oral-prostodoncia","status":"publish","type":"page","link":"https:\/\/carlosgranadosodontologia.com\/en\/rehabilitacion-oral-prostodoncia\/","title":{"rendered":"Rehabilitaci\u00f3n prostodoncia"},"content":{"rendered":"\t\t<div data-elementor-type=\"wp-page\" data-elementor-id=\"1734\" class=\"elementor elementor-1734\" data-elementor-settings=\"{&quot;ha_cmc_init_switcher&quot;:&quot;no&quot;}\">\n\t\t\t\t\t\t<section class=\"elementor-section elementor-top-section elementor-element elementor-element-1d8ef7d5 elementor-section-height-min-height rOral elementor-section-boxed elementor-section-height-default elementor-section-items-middle\" data-id=\"1d8ef7d5\" data-element_type=\"section\" data-e-type=\"section\" data-settings=\"{&quot;background_background&quot;:&quot;slideshow&quot;,&quot;background_slideshow_gallery&quot;:[{&quot;id&quot;:2398,&quot;url&quot;:&quot;https:\\\/\\\/carlosgranadosodontologia.com\\\/wp-content\\\/uploads\\\/2021\\\/08\\\/banner-rehabilotacion-oral.jpeg&quot;}],&quot;background_slideshow_loop&quot;:&quot;yes&quot;,&quot;background_slideshow_slide_duration&quot;:5000,&quot;background_slideshow_slide_transition&quot;:&quot;fade&quot;,&quot;background_slideshow_transition_duration&quot;:500,&quot;_ha_eqh_enable&quot;:false}\">\n\t\t\t\t\t\t<div class=\"elementor-container elementor-column-gap-default\">\n\t\t\t\t\t<div class=\"elementor-column elementor-col-100 elementor-top-column elementor-element elementor-element-76e381ca\" data-id=\"76e381ca\" data-element_type=\"column\" data-e-type=\"column\">\n\t\t\t<div class=\"elementor-widget-wrap elementor-element-populated\">\n\t\t\t\t\t\t<div class=\"elementor-element elementor-element-72f3edbf elementor-widget elementor-widget-heading\" data-id=\"72f3edbf\" data-element_type=\"widget\" data-e-type=\"widget\" data-widget_type=\"heading.default\">\n\t\t\t\t<div class=\"elementor-widget-container\">\n\t\t\t\t\t<h1 class=\"elementor-heading-title elementor-size-default\">REHABILITACI\u00d3N ORAL\n\n\n<\/h1>\t\t\t\t<\/div>\n\t\t\t\t<\/div>\n\t\t\t\t\t<\/div>\n\t\t<\/div>\n\t\t\t\t\t<\/div>\n\t\t<\/section>\n\t\t\t\t<section class=\"elementor-section elementor-top-section elementor-element elementor-element-228fa13 elementor-section-boxed elementor-section-height-default elementor-section-height-default\" data-id=\"228fa13\" data-element_type=\"section\" data-e-type=\"section\" data-settings=\"{&quot;_ha_eqh_enable&quot;:false}\">\n\t\t\t\t\t\t<div class=\"elementor-container elementor-column-gap-default\">\n\t\t\t\t\t<div class=\"elementor-column elementor-col-100 elementor-top-column elementor-element elementor-element-ea9b973\" data-id=\"ea9b973\" data-element_type=\"column\" data-e-type=\"column\">\n\t\t\t<div class=\"elementor-widget-wrap elementor-element-populated\">\n\t\t\t\t\t\t<div class=\"elementor-element elementor-element-7c1cb7e elementor-widget elementor-widget-spacer\" data-id=\"7c1cb7e\" data-element_type=\"widget\" data-e-type=\"widget\" data-widget_type=\"spacer.default\">\n\t\t\t\t<div class=\"elementor-widget-container\">\n\t\t\t\t\t\t\t<div class=\"elementor-spacer\">\n\t\t\t<div class=\"elementor-spacer-inner\"><\/div>\n\t\t<\/div>\n\t\t\t\t\t\t<\/div>\n\t\t\t\t<\/div>\n\t\t\t\t\t<\/div>\n\t\t<\/div>\n\t\t\t\t\t<\/div>\n\t\t<\/section>\n\t\t\t\t<section class=\"elementor-section elementor-top-section elementor-element elementor-element-1040a547 elementor-section-content-middle elementor-hidden-mobile elementor-section-boxed elementor-section-height-default elementor-section-height-default\" data-id=\"1040a547\" data-element_type=\"section\" data-e-type=\"section\" data-settings=\"{&quot;_ha_eqh_enable&quot;:false}\">\n\t\t\t\t\t\t<div class=\"elementor-container elementor-column-gap-wide\">\n\t\t\t\t\t<div class=\"elementor-column elementor-col-66 elementor-top-column elementor-element elementor-element-1b310f29\" data-id=\"1b310f29\" data-element_type=\"column\" data-e-type=\"column\">\n\t\t\t<div class=\"elementor-widget-wrap elementor-element-populated\">\n\t\t\t\t\t\t<section class=\"elementor-section elementor-inner-section elementor-element elementor-element-b7664dc elementor-section-boxed elementor-section-height-default elementor-section-height-default\" data-id=\"b7664dc\" data-element_type=\"section\" data-e-type=\"section\" data-settings=\"{&quot;_ha_eqh_enable&quot;:false}\">\n\t\t\t\t\t\t<div class=\"elementor-container elementor-column-gap-default\">\n\t\t\t\t\t<div class=\"elementor-column elementor-col-100 elementor-inner-column elementor-element elementor-element-ac51c96\" data-id=\"ac51c96\" data-element_type=\"column\" data-e-type=\"column\">\n\t\t\t<div class=\"elementor-widget-wrap elementor-element-populated\">\n\t\t\t\t\t\t<div class=\"elementor-element elementor-element-e2c47a4 elementor-widget elementor-widget-text-editor\" data-id=\"e2c47a4\" data-element_type=\"widget\" data-e-type=\"widget\" data-widget_type=\"text-editor.default\">\n\t\t\t\t<div class=\"elementor-widget-container\">\n\t\t\t\t\t\t\t\t\t<p>La rehabilitaci\u00f3n oral es la encargada de devolver la funci\u00f3n, est\u00e9tica y armon\u00eda oral mediante diferentes tipos de restauraciones dentales, cuando se han perdido dientes o se presentan destrucciones parciales de la estructura dental, a su vez permite solucionar problemas est\u00e9ticos, siempre buscando una oclusi\u00f3n y funci\u00f3n correcta.<\/p><p><strong>Contamos con servicios como:<\/strong><\/p><ul><li>Coronas individuales, corona sobre implante, pr\u00f3tesis dentales<\/li><li>N\u00facleo colado en oro y poste en fibra de vidrio<\/li><li>Incrustaciones dentales<\/li><\/ul><p>\u00a0<\/p><p>Uno de los procedimientos m\u00e1s usados durante la rehabilitaci\u00f3n oral es la restauraci\u00f3n por medio de coronas dentales, este es un procedimiento indirecto de cubrimiento completo. Puede ser de una o varias unidades realizadas sobre dientes naturales o implantes \u00f3seos. Las coronas dentales proveen protecci\u00f3n, estabilidad, funci\u00f3n y est\u00e9tica al mismo tiempo, porque recubre nuestro diente en 360\u00b0.<\/p><p>Son necesarias cuando nuestro diente ha pasado por procesos como: caries extensas, endodoncias, coronas mal adaptadas o defectuosas. En estos casos es probable que necesitemos una corona dental, es importante tener en cuenta la cantidad de esmalte dental en buen estado para poder hacer una preparaci\u00f3n necesaria y que nuestra corona dental se adapte correctamente.<br \/><br \/>Los materiales con los que realizamos las coronas dentales influir\u00e1n en el tiempo que estas duran, en promedio una corona dental con los cuidados e higiene adecuada ser\u00e1n entre 15 y 20 a\u00f1os. Por esto es necesario acompa\u00f1ar los h\u00e1bitos de higiene oral con el correcto uso de seda dental y visitas frecuentes al odont\u00f3logo. En la actualidad manejamos materiales libres de metal para dar una mejor est\u00e9tica y permitir una apariencia m\u00e1s natural.<\/p><p>En la Organizaci\u00f3n Carlos Granados Dental Design contamos con nuestro propio laboratorio dental, lo que nos permite realizar coronas dentales en Disilicato de Litio en una sola cita y coronas dentales en Zirconio de un d\u00eda para otro. <\/p>\t\t\t\t\t\t\t\t<\/div>\n\t\t\t\t<\/div>\n\t\t\t\t\t<\/div>\n\t\t<\/div>\n\t\t\t\t\t<\/div>\n\t\t<\/section>\n\t\t\t\t<div class=\"elementor-element elementor-element-9d9b710 elementor-widget elementor-widget-spacer\" data-id=\"9d9b710\" data-element_type=\"widget\" data-e-type=\"widget\" data-widget_type=\"spacer.default\">\n\t\t\t\t<div class=\"elementor-widget-container\">\n\t\t\t\t\t\t\t<div class=\"elementor-spacer\">\n\t\t\t<div class=\"elementor-spacer-inner\"><\/div>\n\t\t<\/div>\n\t\t\t\t\t\t<\/div>\n\t\t\t\t<\/div>\n\t\t\t\t\t<\/div>\n\t\t<\/div>\n\t\t\t\t<div class=\"elementor-column elementor-col-33 elementor-top-column elementor-element elementor-element-fc5dcc5\" data-id=\"fc5dcc5\" data-element_type=\"column\" data-e-type=\"column\" data-settings=\"{&quot;background_background&quot;:&quot;classic&quot;}\">\n\t\t\t<div class=\"elementor-widget-wrap elementor-element-populated\">\n\t\t\t\t\t\t<section class=\"elementor-section elementor-inner-section elementor-element elementor-element-4d1cfe8 elementor-section-boxed elementor-section-height-default elementor-section-height-default\" data-id=\"4d1cfe8\" data-element_type=\"section\" data-e-type=\"section\" data-settings=\"{&quot;background_background&quot;:&quot;classic&quot;,&quot;_ha_eqh_enable&quot;:false}\">\n\t\t\t\t\t\t<div class=\"elementor-container elementor-column-gap-default\">\n\t\t\t\t\t<div class=\"elementor-column elementor-col-100 elementor-inner-column elementor-element elementor-element-f9d287f\" data-id=\"f9d287f\" data-element_type=\"column\" data-e-type=\"column\">\n\t\t\t<div class=\"elementor-widget-wrap elementor-element-populated\">\n\t\t\t\t\t\t<div class=\"elementor-element elementor-element-f888ebb elementor-widget elementor-widget-html\" data-id=\"f888ebb\" data-element_type=\"widget\" data-e-type=\"widget\" data-widget_type=\"html.default\">\n\t\t\t\t<div class=\"elementor-widget-container\">\n\t\t\t\t\t<script type=\"text\/javascript\" src=\"https:\/\/api.clientify.net\/web-marketing\/superforms\/script\/184639.js\"><\/script>\t\t\t\t<\/div>\n\t\t\t\t<\/div>\n\t\t\t\t\t<\/div>\n\t\t<\/div>\n\t\t\t\t\t<\/div>\n\t\t<\/section>\n\t\t\t\t\t<\/div>\n\t\t<\/div>\n\t\t\t\t\t<\/div>\n\t\t<\/section>\n\t\t\t\t<section class=\"elementor-section elementor-top-section elementor-element elementor-element-941d441 elementor-section-content-middle elementor-hidden-desktop elementor-hidden-tablet elementor-section-boxed elementor-section-height-default elementor-section-height-default\" data-id=\"941d441\" data-element_type=\"section\" data-e-type=\"section\" data-settings=\"{&quot;_ha_eqh_enable&quot;:false}\">\n\t\t\t\t\t\t<div class=\"elementor-container elementor-column-gap-wide\">\n\t\t\t\t\t<div class=\"elementor-column elementor-col-66 elementor-top-column elementor-element elementor-element-d83c056\" data-id=\"d83c056\" data-element_type=\"column\" data-e-type=\"column\">\n\t\t\t<div class=\"elementor-widget-wrap elementor-element-populated\">\n\t\t\t\t\t\t<section class=\"elementor-section elementor-inner-section elementor-element elementor-element-7ce6ae4 elementor-section-boxed elementor-section-height-default elementor-section-height-default\" data-id=\"7ce6ae4\" data-element_type=\"section\" data-e-type=\"section\" data-settings=\"{&quot;_ha_eqh_enable&quot;:false}\">\n\t\t\t\t\t\t<div class=\"elementor-container elementor-column-gap-default\">\n\t\t\t\t\t<div class=\"elementor-column elementor-col-100 elementor-inner-column elementor-element elementor-element-ee48395\" data-id=\"ee48395\" data-element_type=\"column\" data-e-type=\"column\">\n\t\t\t<div class=\"elementor-widget-wrap elementor-element-populated\">\n\t\t\t\t\t\t<div class=\"elementor-element elementor-element-85e91d6 elementor-widget elementor-widget-text-editor\" data-id=\"85e91d6\" data-element_type=\"widget\" data-e-type=\"widget\" data-widget_type=\"text-editor.default\">\n\t\t\t\t<div class=\"elementor-widget-container\">\n\t\t\t\t\t\t\t\t\t<p>La rehabilitaci\u00f3n oral es la encargada de devolver la funci\u00f3n, est\u00e9tica y armon\u00eda oral mediante diferentes tipos de restauraciones dentales, cuando se han perdido dientes o se presentan destrucciones parciales de la estructura dental, a su vez permite solucionar problemas est\u00e9ticos, siempre buscando una oclusi\u00f3n y funci\u00f3n correcta.<\/p><p><strong>Contamos con servicios como:<\/strong><\/p><ul><li>Coronas individuales, corona sobre implante, pr\u00f3tesis dentales<\/li><li>N\u00facleo colado en oro y poste en fibra de vidrio<\/li><li>Incrustaciones dentales<\/li><\/ul>\t\t\t\t\t\t\t\t<\/div>\n\t\t\t\t<\/div>\n\t\t\t\t\t<\/div>\n\t\t<\/div>\n\t\t\t\t\t<\/div>\n\t\t<\/section>\n\t\t\t\t<div class=\"elementor-element elementor-element-0a1739e elementor-widget elementor-widget-spacer\" data-id=\"0a1739e\" data-element_type=\"widget\" data-e-type=\"widget\" data-widget_type=\"spacer.default\">\n\t\t\t\t<div class=\"elementor-widget-container\">\n\t\t\t\t\t\t\t<div class=\"elementor-spacer\">\n\t\t\t<div class=\"elementor-spacer-inner\"><\/div>\n\t\t<\/div>\n\t\t\t\t\t\t<\/div>\n\t\t\t\t<\/div>\n\t\t\t\t\t<\/div>\n\t\t<\/div>\n\t\t\t\t<div class=\"elementor-column elementor-col-33 elementor-top-column elementor-element elementor-element-f2821b2\" data-id=\"f2821b2\" data-element_type=\"column\" data-e-type=\"column\" data-settings=\"{&quot;background_background&quot;:&quot;classic&quot;}\">\n\t\t\t<div class=\"elementor-widget-wrap elementor-element-populated\">\n\t\t\t\t\t\t<section class=\"elementor-section elementor-inner-section elementor-element elementor-element-4fee76e elementor-section-boxed elementor-section-height-default elementor-section-height-default\" data-id=\"4fee76e\" data-element_type=\"section\" data-e-type=\"section\" data-settings=\"{&quot;background_background&quot;:&quot;classic&quot;,&quot;_ha_eqh_enable&quot;:false}\">\n\t\t\t\t\t\t<div class=\"elementor-container elementor-column-gap-default\">\n\t\t\t\t\t<div class=\"elementor-column elementor-col-100 elementor-inner-column elementor-element elementor-element-e3651da\" data-id=\"e3651da\" data-element_type=\"column\" data-e-type=\"column\">\n\t\t\t<div class=\"elementor-widget-wrap elementor-element-populated\">\n\t\t\t\t\t\t<div class=\"elementor-element elementor-element-0bbcb40 elementor-widget elementor-widget-text-editor\" data-id=\"0bbcb40\" data-element_type=\"widget\" data-e-type=\"widget\" data-widget_type=\"text-editor.default\">\n\t\t\t\t<div class=\"elementor-widget-container\">\n\t\t\t\t\t\t\t\t\t<h3>\u00bfTe interesa alguno de nuestros servicios?<\/h3><p>D\u00e9janos tus datos y recibe m\u00e1s informaci\u00f3n de nuestros servicios<\/p>\t\t\t\t\t\t\t\t<\/div>\n\t\t\t\t<\/div>\n\t\t\t\t<div class=\"elementor-element elementor-element-6ebd033 elementor-widget elementor-widget-form\" data-id=\"6ebd033\" data-element_type=\"widget\" data-e-type=\"widget\" data-widget_type=\"form.default\">\n\t\t\t\t<div class=\"elementor-widget-container\">\n\t\t\t\t\t \t\t\t\t<\/div>\n\t\t\t\t<\/div>\n\t\t\t\t\t<\/div>\n\t\t<\/div>\n\t\t\t\t\t<\/div>\n\t\t<\/section>\n\t\t\t\t\t<\/div>\n\t\t<\/div>\n\t\t\t\t\t<\/div>\n\t\t<\/section>\n\t\t\t\t<section class=\"elementor-section elementor-top-section elementor-element elementor-element-e48a1a8 elementor-section-content-middle elementor-hidden-desktop elementor-hidden-tablet elementor-section-boxed elementor-section-height-default elementor-section-height-default\" data-id=\"e48a1a8\" data-element_type=\"section\" data-e-type=\"section\" data-settings=\"{&quot;_ha_eqh_enable&quot;:false}\">\n\t\t\t\t\t\t<div class=\"elementor-container elementor-column-gap-wide\">\n\t\t\t\t\t<div class=\"elementor-column elementor-col-66 elementor-top-column elementor-element elementor-element-cf16fd8\" data-id=\"cf16fd8\" data-element_type=\"column\" data-e-type=\"column\">\n\t\t\t<div class=\"elementor-widget-wrap elementor-element-populated\">\n\t\t\t\t\t\t<section class=\"elementor-section elementor-inner-section elementor-element elementor-element-02418c6 elementor-section-boxed elementor-section-height-default elementor-section-height-default\" data-id=\"02418c6\" data-element_type=\"section\" data-e-type=\"section\" data-settings=\"{&quot;_ha_eqh_enable&quot;:false}\">\n\t\t\t\t\t\t<div class=\"elementor-container elementor-column-gap-default\">\n\t\t\t\t\t<div class=\"elementor-column elementor-col-100 elementor-inner-column elementor-element elementor-element-730e66a\" data-id=\"730e66a\" data-element_type=\"column\" data-e-type=\"column\">\n\t\t\t<div class=\"elementor-widget-wrap elementor-element-populated\">\n\t\t\t\t\t\t<div class=\"elementor-element elementor-element-5f6199e elementor-widget elementor-widget-text-editor\" data-id=\"5f6199e\" data-element_type=\"widget\" data-e-type=\"widget\" data-widget_type=\"text-editor.default\">\n\t\t\t\t<div class=\"elementor-widget-container\">\n\t\t\t\t\t\t\t\t\t<p>Uno de los procedimientos m\u00e1s usados durante la rehabilitaci\u00f3n oral es la restauraci\u00f3n por medio de coronas dentales, este es un procedimiento indirecto de cubrimiento completo. Puede ser de una o varias unidades realizadas sobre dientes naturales o implantes \u00f3seos. Las coronas dentales proveen protecci\u00f3n, estabilidad, funci\u00f3n y est\u00e9tica al mismo tiempo, porque recubre nuestro diente en 360\u00b0.<\/p><p>Son necesarias cuando nuestro diente ha pasado por procesos como: caries extensas, endodoncias, coronas mal adaptadas o defectuosas. En estos casos es probable que necesitemos una corona dental, es importante tener en cuenta la cantidad de esmalte dental en buen estado para poder hacer una preparaci\u00f3n necesaria y que nuestra corona dental se adapte correctamente.<\/p><p>Los materiales con los que realizamos las coronas dentales influir\u00e1n en el tiempo que estas duran, en promedio una corona dental con los cuidados e higiene adecuada ser\u00e1n entre 15 y 20 a\u00f1os. Por esto es necesario acompa\u00f1ar los h\u00e1bitos de higiene oral con el correcto uso de seda dental y visitas frecuentes al odont\u00f3logo. En la actualidad manejamos materiales libres de metal para dar una mejor est\u00e9tica y permitir una apariencia m\u00e1s natural.<\/p><p>En la Organizaci\u00f3n Carlos Granados Dental Design contamos con nuestro propio laboratorio dental, lo que nos permite realizar coronas dentales en Disilicato de Litio en una sola cita y coronas dentales en Zirconio de un d\u00eda para otro.<\/p>\t\t\t\t\t\t\t\t<\/div>\n\t\t\t\t<\/div>\n\t\t\t\t\t<\/div>\n\t\t<\/div>\n\t\t\t\t\t<\/div>\n\t\t<\/section>\n\t\t\t\t<div class=\"elementor-element elementor-element-172e20f elementor-widget elementor-widget-spacer\" data-id=\"172e20f\" data-element_type=\"widget\" data-e-type=\"widget\" data-widget_type=\"spacer.default\">\n\t\t\t\t<div class=\"elementor-widget-container\">\n\t\t\t\t\t\t\t<div class=\"elementor-spacer\">\n\t\t\t<div class=\"elementor-spacer-inner\"><\/div>\n\t\t<\/div>\n\t\t\t\t\t\t<\/div>\n\t\t\t\t<\/div>\n\t\t\t\t\t<\/div>\n\t\t<\/div>\n\t\t\t\t<div class=\"elementor-column elementor-col-33 elementor-top-column elementor-element elementor-element-04a9fdb\" data-id=\"04a9fdb\" data-element_type=\"column\" data-e-type=\"column\" data-settings=\"{&quot;background_background&quot;:&quot;classic&quot;}\">\n\t\t\t<div class=\"elementor-widget-wrap\">\n\t\t\t\t\t\t\t<\/div>\n\t\t<\/div>\n\t\t\t\t\t<\/div>\n\t\t<\/section>\n\t\t\t\t<\/div>\n\t\t","protected":false},"excerpt":{"rendered":"<p>REHABILITACI\u00d3N ORAL La rehabilitaci\u00f3n oral es la encargada de devolver la funci\u00f3n, est\u00e9tica y armon\u00eda oral mediante diferentes tipos de restauraciones dentales, cuando se han perdido dientes o se presentan destrucciones parciales de la estructura dental, a su vez permite solucionar problemas est\u00e9ticos, siempre buscando una oclusi\u00f3n y funci\u00f3n correcta. Contamos con servicios como: Coronas [&hellip;]<\/p>\n","protected":false},"author":2,"featured_media":0,"parent":0,"menu_order":0,"comment_status":"closed","ping_status":"closed","template":"","meta":{"footnotes":""},"class_list":["post-1734","page","type-page","status-publish","hentry"],"_links":{"self":[{"href":"https:\/\/carlosgranadosodontologia.com\/en\/wp-json\/wp\/v2\/pages\/1734","targetHints":{"allow":["GET"]}}],"collection":[{"href":"https:\/\/carlosgranadosodontologia.com\/en\/wp-json\/wp\/v2\/pages"}],"about":[{"href":"https:\/\/carlosgranadosodontologia.com\/en\/wp-json\/wp\/v2\/types\/page"}],"author":[{"embeddable":true,"href":"https:\/\/carlosgranadosodontologia.com\/en\/wp-json\/wp\/v2\/users\/2"}],"replies":[{"embeddable":true,"href":"https:\/\/carlosgranadosodontologia.com\/en\/wp-json\/wp\/v2\/comments?post=1734"}],"version-history":[{"count":117,"href":"https:\/\/carlosgranadosodontologia.com\/en\/wp-json\/wp\/v2\/pages\/1734\/revisions"}],"predecessor-version":[{"id":6214,"href":"https:\/\/carlosgranadosodontologia.com\/en\/wp-json\/wp\/v2\/pages\/1734\/revisions\/6214"}],"wp:attachment":[{"href":"https:\/\/carlosgranadosodontologia.com\/en\/wp-json\/wp\/v2\/media?parent=1734"}],"curies":[{"name":"wp","href":"https:\/\/api.w.org\/{rel}","templated":true}]}}