{"id":1064,"date":"2021-03-08T15:19:57","date_gmt":"2021-03-08T20:19:57","guid":{"rendered":"https:\/\/carlosgranadosodontologia.com\/?page_id=1064"},"modified":"2026-01-26T10:06:47","modified_gmt":"2026-01-26T15:06:47","slug":"materialesparadisenosdesonrisas","status":"publish","type":"page","link":"https:\/\/carlosgranadosodontologia.com\/en\/materialesparadisenosdesonrisas\/","title":{"rendered":"Materials for Smile Designs"},"content":{"rendered":"\t\t<div data-elementor-type=\"wp-page\" data-elementor-id=\"1064\" class=\"elementor elementor-1064\" data-elementor-settings=\"{&quot;ha_cmc_init_switcher&quot;:&quot;no&quot;}\">\n\t\t\t\t\t\t<section class=\"elementor-section elementor-top-section elementor-element elementor-element-1d8ef7d5 elementor-section-boxed elementor-section-height-default elementor-section-height-default\" data-id=\"1d8ef7d5\" data-element_type=\"section\" data-e-type=\"section\" data-settings=\"{&quot;background_background&quot;:&quot;slideshow&quot;,&quot;background_slideshow_gallery&quot;:[{&quot;id&quot;:2394,&quot;url&quot;:&quot;https:\\\/\\\/carlosgranadosodontologia.com\\\/wp-content\\\/uploads\\\/2021\\\/08\\\/banner-estetica-dental.jpeg&quot;}],&quot;background_slideshow_loop&quot;:&quot;yes&quot;,&quot;background_slideshow_slide_duration&quot;:5000,&quot;background_slideshow_slide_transition&quot;:&quot;fade&quot;,&quot;background_slideshow_transition_duration&quot;:500,&quot;_ha_eqh_enable&quot;:false}\">\n\t\t\t\t\t\t<div class=\"elementor-container elementor-column-gap-default\">\n\t\t\t\t\t<div class=\"elementor-column elementor-col-100 elementor-top-column elementor-element elementor-element-76e381ca\" data-id=\"76e381ca\" data-element_type=\"column\" data-e-type=\"column\">\n\t\t\t<div class=\"elementor-widget-wrap elementor-element-populated\">\n\t\t\t\t\t\t<div class=\"elementor-element elementor-element-72f3edbf elementor-widget elementor-widget-heading\" data-id=\"72f3edbf\" data-element_type=\"widget\" data-e-type=\"widget\" data-widget_type=\"heading.default\">\n\t\t\t\t<div class=\"elementor-widget-container\">\n\t\t\t\t\t<h1 class=\"elementor-heading-title elementor-size-default\">Diferencias en Materiales para\n Dise\u00f1o de Sonrisa <\/h1>\t\t\t\t<\/div>\n\t\t\t\t<\/div>\n\t\t\t\t\t<\/div>\n\t\t<\/div>\n\t\t\t\t\t<\/div>\n\t\t<\/section>\n\t\t\t\t<section class=\"elementor-section elementor-top-section elementor-element elementor-element-1040a547 elementor-section-content-middle elementor-section-boxed elementor-section-height-default elementor-section-height-default\" data-id=\"1040a547\" data-element_type=\"section\" data-e-type=\"section\" data-settings=\"{&quot;_ha_eqh_enable&quot;:false}\">\n\t\t\t\t\t\t<div class=\"elementor-container elementor-column-gap-wide\">\n\t\t\t\t\t<div class=\"elementor-column elementor-col-66 elementor-top-column elementor-element elementor-element-1b310f29\" data-id=\"1b310f29\" data-element_type=\"column\" data-e-type=\"column\">\n\t\t\t<div class=\"elementor-widget-wrap elementor-element-populated\">\n\t\t\t\t\t\t<div class=\"elementor-element elementor-element-1be0a1b9 elementor-widget elementor-widget-text-editor\" data-id=\"1be0a1b9\" data-element_type=\"widget\" data-e-type=\"widget\" data-widget_type=\"text-editor.default\">\n\t\t\t\t<div class=\"elementor-widget-container\">\n\t\t\t\t\t\t\t\t\t<p>La est\u00e9tica dental es la armon\u00eda de los componentes que conforman la sonrisa, es por esto que no solo se trabajan con los dientes, si no con labios, enc\u00edas y rasgos faciales para lograr un resultado integral y funcional.<\/p><p>Entre los tratamientos que logran crear una mayor est\u00e9tica detal encontramos el blanqueamiento dental, la gingivoplastia, hasta las carillas dentales, cada tratamiento se realiza acorde a las necesidades, expectativa y presupuest\u00f3 del paciente.\u00a0<\/p>\t\t\t\t\t\t\t\t<\/div>\n\t\t\t\t<\/div>\n\t\t\t\t<div class=\"elementor-element elementor-element-427d10c elementor-widget elementor-widget-text-editor\" data-id=\"427d10c\" data-element_type=\"widget\" data-e-type=\"widget\" data-widget_type=\"text-editor.default\">\n\t\t\t\t<div class=\"elementor-widget-container\">\n\t\t\t\t\t\t\t\t\t<p><strong>Carillas en Resina <\/strong><\/p>\n<p>Dise\u00f1o de sonrisa con resina en t\u00e9cnica indirecta<\/p>\n<p>La resina es un material que nos permite realizar cambios de tama\u00f1o y forma, adem\u00e1s existe una amplia gama de colores que permite crear y representar las caracter\u00edsticas naturales del diente, otro gran beneficio de la resina es su f\u00e1cil y r\u00e1pida reparaci\u00f3n cl\u00ednica en caso de presentarse alg\u00fan da\u00f1o, sin duda su costo es un plus al alcance de todos, comparado con otros materiales est\u00e9ticos<\/p>\n<p><img decoding=\"async\" draggable=\"false\" role=\"img\" class=\"emoji\" alt=\"\ud83d\udd05\" src=\"https:\/\/s.w.org\/images\/core\/emoji\/15.0.3\/svg\/1f505.svg\" title=\"\">\u00bf Qu\u00e9 diferencia existe entre la t\u00e9cnica indirecta y directa en el dise\u00f1o de sonrisa ?<\/p>\n<p>La diferencia principal son los tiempos de trabajo cl\u00ednico, en este caso se realizaron lentes en resina con un grosor de 0,3mm, para este proceso tomamos una impresi\u00f3n dental sin realizar ning\u00fan desgaste en el diente, sobre el modelo obtenido se realizan los lentes, dando la posibilidad de verificar adaptaci\u00f3n y buenos terminados, el color lo selecciona el paciente de acuerdo a su gusto, tambi\u00e9n se pueden dar caracter\u00edsticas de naturalidad como texturas y translucieses si el paciente lo desea. El selle interproximal, al realizar los lentes en un modelo fuera de la boca, nos aseguramos que la resina se adapte totalmente al diente sin dejar espacios que puedan crear caries.<\/p>\n<p>Ventajas<\/p>\n<ul>\n<li>Costo<\/li>\n<li>Posibilidad de prueba y cambios<\/li>\n<li>Comodidad para el paciente<\/li>\n<li>Menor tiempo de trabajo cl\u00ednico<\/li>\n<li>F\u00e1cil reparaci\u00f3n<\/li>\n<\/ul>\n<p><br><\/p><p><strong>Carillas en Cer\u00e1mica Hibrida <\/strong><\/p>\n<p>Existen diferentes tipos de materiales para realizar dise\u00f1os de sonrisa, hoy te contamos un poco m\u00e1s de las caracter\u00edsticas y beneficios de la cer\u00e1mica hibrida.<\/p>\n<p>Es una micro cer\u00e1mica de silicato de circonio, hibrido entre resina y cer\u00e1mica para restauraciones indirectas tales como carillas e incrustaciones tiene efecto de transmisi\u00f3n de la luz similar a los dientes naturales y produce una notable translucidez<\/p>\n<p>Ventajas<\/p>\n<ul>\n<li>Es muy f\u00e1cil de pulir.<\/li>\n<li>Precisi\u00f3n en adaptaci\u00f3n al ser realizado en laboratorio dental (digital o an\u00e1logo)<\/li>\n<li>Menor costo frente a otros materiales restaurativos<\/li>\n<li>Inhibe la acumulaci\u00f3n de placa.<\/li>\n<li>Evita la penetraci\u00f3n de fluidos debido a la gran densidad<\/li>\n<li>La longevidad del compuesto es de hasta 8 a\u00f1os si se maneja correctamente<\/li>\n<\/ul>\n<p><strong>Carillas en Porcelana <\/strong><\/p>\n<p>De todos los materiales conocidos en la actualidad la porcelana dental es el material de restauraci\u00f3n de mejor comportamiento est\u00e9tico que disponemos en Odontolog\u00eda. Se considera como el material ideal por sus propiedades f\u00edsicas, biol\u00f3gicas y \u00f3pticas que permiten mantener el color con el paso del tiempo, resistir la abrasi\u00f3n, adem\u00e1s de poseer gran estabilidad en el medio oral, biocompatibilidad elevada y aspecto natural en cuanto a translucidez, brillo y fluorescencia.<\/p>\n<p>Ventajas<\/p>\n<ul>\n<li>Excelente biocompatibilidad.<\/li>\n<li>Apariencia natural.<\/li>\n<li>Alta resistencia al desgaste o fractura.<\/li>\n<li>Posibilidad de imitar el aspecto \u00f3ptico del diente en forma natural especialmente respecto a su translucidez y brillo.<\/li>\n<li>No cambia de color a trav\u00e9s del tiempo<\/li>\n<li>M\u00e1s duradero con respecto a otros materiales.<\/li>\n<\/ul>\t\t\t\t\t\t\t\t<\/div>\n\t\t\t\t<\/div>\n\t\t\t\t<section class=\"elementor-section elementor-inner-section elementor-element elementor-element-9f4d4f6 elementor-section-boxed elementor-section-height-default elementor-section-height-default\" data-id=\"9f4d4f6\" data-element_type=\"section\" data-e-type=\"section\" data-settings=\"{&quot;_ha_eqh_enable&quot;:false}\">\n\t\t\t\t\t\t<div class=\"elementor-container elementor-column-gap-default\">\n\t\t\t\t\t<div class=\"elementor-column elementor-col-50 elementor-inner-column elementor-element elementor-element-9c710e8\" data-id=\"9c710e8\" data-element_type=\"column\" data-e-type=\"column\">\n\t\t\t<div class=\"elementor-widget-wrap\">\n\t\t\t\t\t\t\t<\/div>\n\t\t<\/div>\n\t\t\t\t<div class=\"elementor-column elementor-col-50 elementor-inner-column elementor-element elementor-element-78e448f\" data-id=\"78e448f\" data-element_type=\"column\" data-e-type=\"column\">\n\t\t\t<div class=\"elementor-widget-wrap\">\n\t\t\t\t\t\t\t<\/div>\n\t\t<\/div>\n\t\t\t\t\t<\/div>\n\t\t<\/section>\n\t\t\t\t<section class=\"elementor-section elementor-inner-section elementor-element elementor-element-b7664dc elementor-section-boxed elementor-section-height-default elementor-section-height-default\" data-id=\"b7664dc\" data-element_type=\"section\" data-e-type=\"section\" data-settings=\"{&quot;_ha_eqh_enable&quot;:false}\">\n\t\t\t\t\t\t<div class=\"elementor-container elementor-column-gap-default\">\n\t\t\t\t\t<div class=\"elementor-column elementor-col-100 elementor-inner-column elementor-element elementor-element-ac51c96\" data-id=\"ac51c96\" data-element_type=\"column\" data-e-type=\"column\">\n\t\t\t<div class=\"elementor-widget-wrap elementor-element-populated\">\n\t\t\t\t\t\t<div class=\"elementor-element elementor-element-084355b elementor-widget elementor-widget-text-editor\" data-id=\"084355b\" data-element_type=\"widget\" data-e-type=\"widget\" data-widget_type=\"text-editor.default\">\n\t\t\t\t<div class=\"elementor-widget-container\">\n\t\t\t\t\t\t\t\t\t<h3><strong>\u00a1Las pr\u00e1cticas modernas requieren trabajo en equipo!<\/strong><\/h3><p>Lo invitamos a trabajar de esta manera.<\/p>\t\t\t\t\t\t\t\t<\/div>\n\t\t\t\t<\/div>\n\t\t\t\t\t<\/div>\n\t\t<\/div>\n\t\t\t\t\t<\/div>\n\t\t<\/section>\n\t\t\t\t\t<\/div>\n\t\t<\/div>\n\t\t\t\t<div class=\"elementor-column elementor-col-33 elementor-top-column elementor-element elementor-element-fc5dcc5\" data-id=\"fc5dcc5\" data-element_type=\"column\" data-e-type=\"column\" data-settings=\"{&quot;background_background&quot;:&quot;classic&quot;}\">\n\t\t\t<div class=\"elementor-widget-wrap elementor-element-populated\">\n\t\t\t\t\t\t<div class=\"elementor-element elementor-element-17d50c8 elementor-widget elementor-widget-html\" data-id=\"17d50c8\" data-element_type=\"widget\" data-e-type=\"widget\" data-widget_type=\"html.default\">\n\t\t\t\t<div class=\"elementor-widget-container\">\n\t\t\t\t\t<script type=\"text\/javascript\" src=\"https:\/\/api.clientify.net\/web-marketing\/superforms\/script\/184639.js\"><\/script>\t\t\t\t<\/div>\n\t\t\t\t<\/div>\n\t\t\t\t\t<\/div>\n\t\t<\/div>\n\t\t\t\t\t<\/div>\n\t\t<\/section>\n\t\t\t\t<section class=\"elementor-section elementor-top-section elementor-element elementor-element-05b5057 elementor-hidden-desktop elementor-hidden-tablet elementor-hidden-mobile elementor-section-boxed elementor-section-height-default elementor-section-height-default\" data-id=\"05b5057\" data-element_type=\"section\" data-e-type=\"section\" data-settings=\"{&quot;_ha_eqh_enable&quot;:false}\">\n\t\t\t\t\t\t<div class=\"elementor-container elementor-column-gap-default\">\n\t\t\t\t\t<div class=\"elementor-column elementor-col-100 elementor-top-column elementor-element elementor-element-916f0d1\" data-id=\"916f0d1\" data-element_type=\"column\" data-e-type=\"column\">\n\t\t\t<div class=\"elementor-widget-wrap elementor-element-populated\">\n\t\t\t\t\t\t<div class=\"elementor-element elementor-element-e823daf elementor-arrows-position-outside elementor-widget elementor-widget-image-carousel\" data-id=\"e823daf\" data-element_type=\"widget\" data-e-type=\"widget\" data-settings=\"{&quot;slides_to_show&quot;:&quot;4&quot;,&quot;slides_to_scroll&quot;:&quot;1&quot;,&quot;navigation&quot;:&quot;arrows&quot;,&quot;slides_to_show_mobile&quot;:&quot;1&quot;,&quot;autoplay&quot;:&quot;yes&quot;,&quot;pause_on_hover&quot;:&quot;yes&quot;,&quot;pause_on_interaction&quot;:&quot;yes&quot;,&quot;autoplay_speed&quot;:5000,&quot;infinite&quot;:&quot;yes&quot;,&quot;speed&quot;:500,&quot;image_spacing_custom&quot;:{&quot;unit&quot;:&quot;px&quot;,&quot;size&quot;:20,&quot;sizes&quot;:[]},&quot;image_spacing_custom_tablet&quot;:{&quot;unit&quot;:&quot;px&quot;,&quot;size&quot;:&quot;&quot;,&quot;sizes&quot;:[]}}\" data-widget_type=\"image-carousel.default\">\n\t\t\t\t<div class=\"elementor-widget-container\">\n\t\t\t\t\t\t\t<div class=\"elementor-image-carousel-wrapper swiper\" role=\"region\" aria-roledescription=\"carousel\" aria-label=\"Carrusel de im\u00e1genes\" dir=\"ltr\">\n\t\t\t<div class=\"elementor-image-carousel swiper-wrapper\" aria-live=\"off\">\n\t\t\t\t\t\t\t\t<div class=\"swiper-slide\" role=\"group\" aria-roledescription=\"slide\" aria-label=\"1 of 9\"><a data-elementor-open-lightbox=\"yes\" data-elementor-lightbox-slideshow=\"e823daf\" data-elementor-lightbox-title=\"INCISAL 2\" data-e-action-hash=\"#elementor-action%3Aaction%3Dlightbox%26settings%3DeyJpZCI6MjU0MSwidXJsIjoiaHR0cHM6XC9cL2Nhcmxvc2dyYW5hZG9zb2RvbnRvbG9naWEuY29tXC93cC1jb250ZW50XC91cGxvYWRzXC8yMDIxXC8wOVwvSU5DSVNBTC0yLnBuZyIsInNsaWRlc2hvdyI6ImU4MjNkYWYifQ%3D%3D\" href=\"https:\/\/carlosgranadosodontologia.com\/wp-content\/uploads\/2021\/09\/INCISAL-2.png\"><figure class=\"swiper-slide-inner\"><img decoding=\"async\" class=\"swiper-slide-image\" src=\"https:\/\/carlosgranadosodontologia.com\/wp-content\/uploads\/2021\/09\/INCISAL-2-284x300.png\" alt=\"INCISAL 2\" title=\"\"><\/figure><\/a><\/div><div class=\"swiper-slide\" role=\"group\" aria-roledescription=\"slide\" aria-label=\"2 of 9\"><a data-elementor-open-lightbox=\"yes\" data-elementor-lightbox-slideshow=\"e823daf\" data-elementor-lightbox-title=\"LATERAL 1\" data-e-action-hash=\"#elementor-action%3Aaction%3Dlightbox%26settings%3DeyJpZCI6MjU0MiwidXJsIjoiaHR0cHM6XC9cL2Nhcmxvc2dyYW5hZG9zb2RvbnRvbG9naWEuY29tXC93cC1jb250ZW50XC91cGxvYWRzXC8yMDIxXC8wOVwvTEFURVJBTC0xLXNjYWxlZC1lMTcxNDE0OTY0MDkwMC5qcGciLCJzbGlkZXNob3ciOiJlODIzZGFmIn0%3D\" href=\"https:\/\/carlosgranadosodontologia.com\/wp-content\/uploads\/2021\/09\/LATERAL-1-scaled-e1714149640900.jpg\"><figure class=\"swiper-slide-inner\"><img decoding=\"async\" class=\"swiper-slide-image\" src=\"https:\/\/carlosgranadosodontologia.com\/wp-content\/uploads\/2021\/09\/LATERAL-1-300x207.jpg\" alt=\"LATERAL 1\" title=\"\"><\/figure><\/a><\/div><div class=\"swiper-slide\" role=\"group\" aria-roledescription=\"slide\" aria-label=\"3 of 9\"><a data-elementor-open-lightbox=\"yes\" data-elementor-lightbox-slideshow=\"e823daf\" data-elementor-lightbox-title=\"LATERAL\" data-e-action-hash=\"#elementor-action%3Aaction%3Dlightbox%26settings%3DeyJpZCI6MjU0MywidXJsIjoiaHR0cHM6XC9cL2Nhcmxvc2dyYW5hZG9zb2RvbnRvbG9naWEuY29tXC93cC1jb250ZW50XC91cGxvYWRzXC8yMDIxXC8wOVwvTEFURVJBTC5wbmciLCJzbGlkZXNob3ciOiJlODIzZGFmIn0%3D\" href=\"https:\/\/carlosgranadosodontologia.com\/wp-content\/uploads\/2021\/09\/LATERAL.png\"><figure class=\"swiper-slide-inner\"><img decoding=\"async\" class=\"swiper-slide-image\" src=\"https:\/\/carlosgranadosodontologia.com\/wp-content\/uploads\/2021\/09\/LATERAL-300x216.png\" alt=\"LATERAL\" title=\"\"><\/figure><\/a><\/div><div class=\"swiper-slide\" role=\"group\" aria-roledescription=\"slide\" aria-label=\"4 of 9\"><a data-elementor-open-lightbox=\"yes\" data-elementor-lightbox-slideshow=\"e823daf\" data-elementor-lightbox-title=\"LOGO2\" data-e-action-hash=\"#elementor-action%3Aaction%3Dlightbox%26settings%3DeyJpZCI6MjU0NCwidXJsIjoiaHR0cHM6XC9cL2Nhcmxvc2dyYW5hZG9zb2RvbnRvbG9naWEuY29tXC93cC1jb250ZW50XC91cGxvYWRzXC8yMDIxXC8wOVwvTE9HTzIuanBnIiwic2xpZGVzaG93IjoiZTgyM2RhZiJ9\" href=\"https:\/\/carlosgranadosodontologia.com\/wp-content\/uploads\/2021\/09\/LOGO2.jpg\"><figure class=\"swiper-slide-inner\"><img decoding=\"async\" class=\"swiper-slide-image\" src=\"https:\/\/carlosgranadosodontologia.com\/wp-content\/uploads\/2021\/09\/LOGO2-300x206.jpg\" alt=\"LOGO2\" title=\"\"><\/figure><\/a><\/div><div class=\"swiper-slide\" role=\"group\" aria-roledescription=\"slide\" aria-label=\"5 of 9\"><a data-elementor-open-lightbox=\"yes\" data-elementor-lightbox-slideshow=\"e823daf\" data-elementor-lightbox-title=\"REPOSO\" data-e-action-hash=\"#elementor-action%3Aaction%3Dlightbox%26settings%3DeyJpZCI6MjU0NSwidXJsIjoiaHR0cHM6XC9cL2Nhcmxvc2dyYW5hZG9zb2RvbnRvbG9naWEuY29tXC93cC1jb250ZW50XC91cGxvYWRzXC8yMDIxXC8wOVwvUkVQT1NPLXNjYWxlZC5qcGciLCJzbGlkZXNob3ciOiJlODIzZGFmIn0%3D\" href=\"https:\/\/carlosgranadosodontologia.com\/wp-content\/uploads\/2021\/09\/REPOSO-scaled.jpg\"><figure class=\"swiper-slide-inner\"><img decoding=\"async\" class=\"swiper-slide-image\" src=\"https:\/\/carlosgranadosodontologia.com\/wp-content\/uploads\/2021\/09\/REPOSO-300x191.jpg\" alt=\"REPOSO\" title=\"\"><\/figure><\/a><\/div><div class=\"swiper-slide\" role=\"group\" aria-roledescription=\"slide\" aria-label=\"6 of 9\"><a data-elementor-open-lightbox=\"yes\" data-elementor-lightbox-slideshow=\"e823daf\" data-elementor-lightbox-title=\"SONRISA 2\" data-e-action-hash=\"#elementor-action%3Aaction%3Dlightbox%26settings%3DeyJpZCI6MjU0NiwidXJsIjoiaHR0cHM6XC9cL2Nhcmxvc2dyYW5hZG9zb2RvbnRvbG9naWEuY29tXC93cC1jb250ZW50XC91cGxvYWRzXC8yMDIxXC8wOVwvU09OUklTQS0yLnBuZyIsInNsaWRlc2hvdyI6ImU4MjNkYWYifQ%3D%3D\" href=\"https:\/\/carlosgranadosodontologia.com\/wp-content\/uploads\/2021\/09\/SONRISA-2.png\"><figure class=\"swiper-slide-inner\"><img decoding=\"async\" class=\"swiper-slide-image\" src=\"https:\/\/carlosgranadosodontologia.com\/wp-content\/uploads\/2021\/09\/SONRISA-2-300x201.png\" alt=\"SONRISA 2\" title=\"\"><\/figure><\/a><\/div><div class=\"swiper-slide\" role=\"group\" aria-roledescription=\"slide\" aria-label=\"7 of 9\"><a data-elementor-open-lightbox=\"yes\" data-elementor-lightbox-slideshow=\"e823daf\" data-elementor-lightbox-title=\"SONRISA FACIAL LOGO\" data-e-action-hash=\"#elementor-action%3Aaction%3Dlightbox%26settings%3DeyJpZCI6MjU0NywidXJsIjoiaHR0cHM6XC9cL2Nhcmxvc2dyYW5hZG9zb2RvbnRvbG9naWEuY29tXC93cC1jb250ZW50XC91cGxvYWRzXC8yMDIxXC8wOVwvU09OUklTQS1GQUNJQUwtTE9HTy5wbmciLCJzbGlkZXNob3ciOiJlODIzZGFmIn0%3D\" href=\"https:\/\/carlosgranadosodontologia.com\/wp-content\/uploads\/2021\/09\/SONRISA-FACIAL-LOGO.png\"><figure class=\"swiper-slide-inner\"><img decoding=\"async\" class=\"swiper-slide-image\" src=\"https:\/\/carlosgranadosodontologia.com\/wp-content\/uploads\/2021\/09\/SONRISA-FACIAL-LOGO-300x179.png\" alt=\"SONRISA FACIAL LOGO\" title=\"\"><\/figure><\/a><\/div><div class=\"swiper-slide\" role=\"group\" aria-roledescription=\"slide\" aria-label=\"8 of 9\"><a data-elementor-open-lightbox=\"yes\" data-elementor-lightbox-slideshow=\"e823daf\" data-elementor-lightbox-title=\"SONRISA FINAL 2\" data-e-action-hash=\"#elementor-action%3Aaction%3Dlightbox%26settings%3DeyJpZCI6MjU0OCwidXJsIjoiaHR0cHM6XC9cL2Nhcmxvc2dyYW5hZG9zb2RvbnRvbG9naWEuY29tXC93cC1jb250ZW50XC91cGxvYWRzXC8yMDIxXC8wOVwvU09OUklTQS1GSU5BTC0yLnBuZyIsInNsaWRlc2hvdyI6ImU4MjNkYWYifQ%3D%3D\" href=\"https:\/\/carlosgranadosodontologia.com\/wp-content\/uploads\/2021\/09\/SONRISA-FINAL-2.png\"><figure class=\"swiper-slide-inner\"><img decoding=\"async\" class=\"swiper-slide-image\" src=\"https:\/\/carlosgranadosodontologia.com\/wp-content\/uploads\/2021\/09\/SONRISA-FINAL-2-300x235.png\" alt=\"SONRISA FINAL 2\" title=\"\"><\/figure><\/a><\/div><div class=\"swiper-slide\" role=\"group\" aria-roledescription=\"slide\" aria-label=\"9 of 9\"><a data-elementor-open-lightbox=\"yes\" data-elementor-lightbox-slideshow=\"e823daf\" data-elementor-lightbox-title=\"SONRISA FINAL\" data-e-action-hash=\"#elementor-action%3Aaction%3Dlightbox%26settings%3DeyJpZCI6MjU0OSwidXJsIjoiaHR0cHM6XC9cL2Nhcmxvc2dyYW5hZG9zb2RvbnRvbG9naWEuY29tXC93cC1jb250ZW50XC91cGxvYWRzXC8yMDIxXC8wOVwvU09OUklTQS1GSU5BTC5wbmciLCJzbGlkZXNob3ciOiJlODIzZGFmIn0%3D\" href=\"https:\/\/carlosgranadosodontologia.com\/wp-content\/uploads\/2021\/09\/SONRISA-FINAL.png\"><figure class=\"swiper-slide-inner\"><img decoding=\"async\" class=\"swiper-slide-image\" src=\"https:\/\/carlosgranadosodontologia.com\/wp-content\/uploads\/2021\/09\/SONRISA-FINAL-300x178.png\" alt=\"SONRISA FINAL\" title=\"\"><\/figure><\/a><\/div>\t\t\t<\/div>\n\t\t\t\t\t\t\t\t\t\t\t\t<div class=\"elementor-swiper-button elementor-swiper-button-prev\" role=\"button\" tabindex=\"0\">\n\t\t\t\t\t\t<i aria-hidden=\"true\" class=\"eicon-chevron-left\"><\/i>\t\t\t\t\t<\/div>\n\t\t\t\t\t<div class=\"elementor-swiper-button elementor-swiper-button-next\" role=\"button\" tabindex=\"0\">\n\t\t\t\t\t\t<i aria-hidden=\"true\" class=\"eicon-chevron-right\"><\/i>\t\t\t\t\t<\/div>\n\t\t\t\t\n\t\t\t\t\t\t\t\t\t<\/div>\n\t\t\t\t\t\t<\/div>\n\t\t\t\t<\/div>\n\t\t\t\t\t<\/div>\n\t\t<\/div>\n\t\t\t\t\t<\/div>\n\t\t<\/section>\n\t\t\t\t<\/div>\n\t\t","protected":false},"excerpt":{"rendered":"<p>Diferencias en Materiales para Dise\u00f1o de Sonrisa La est\u00e9tica dental es la armon\u00eda de los componentes que conforman la sonrisa, es por esto que no solo se trabajan con los dientes, si no con labios, enc\u00edas y rasgos faciales para lograr un resultado integral y funcional. Entre los tratamientos que logran crear una mayor est\u00e9tica [&hellip;]<\/p>\n","protected":false},"author":2,"featured_media":0,"parent":0,"menu_order":0,"comment_status":"closed","ping_status":"closed","template":"","meta":{"footnotes":""},"class_list":["post-1064","page","type-page","status-publish","hentry"],"_links":{"self":[{"href":"https:\/\/carlosgranadosodontologia.com\/en\/wp-json\/wp\/v2\/pages\/1064","targetHints":{"allow":["GET"]}}],"collection":[{"href":"https:\/\/carlosgranadosodontologia.com\/en\/wp-json\/wp\/v2\/pages"}],"about":[{"href":"https:\/\/carlosgranadosodontologia.com\/en\/wp-json\/wp\/v2\/types\/page"}],"author":[{"embeddable":true,"href":"https:\/\/carlosgranadosodontologia.com\/en\/wp-json\/wp\/v2\/users\/2"}],"replies":[{"embeddable":true,"href":"https:\/\/carlosgranadosodontologia.com\/en\/wp-json\/wp\/v2\/comments?post=1064"}],"version-history":[{"count":155,"href":"https:\/\/carlosgranadosodontologia.com\/en\/wp-json\/wp\/v2\/pages\/1064\/revisions"}],"predecessor-version":[{"id":7032,"href":"https:\/\/carlosgranadosodontologia.com\/en\/wp-json\/wp\/v2\/pages\/1064\/revisions\/7032"}],"wp:attachment":[{"href":"https:\/\/carlosgranadosodontologia.com\/en\/wp-json\/wp\/v2\/media?parent=1064"}],"curies":[{"name":"wp","href":"https:\/\/api.w.org\/{rel}","templated":true}]}}